{"id":13910,"date":"2020-01-20T10:54:38","date_gmt":"2020-01-20T07:54:38","guid":{"rendered":"https:\/\/www.kackaryangin.com\/?page_id=13910"},"modified":"2020-01-23T14:15:52","modified_gmt":"2020-01-23T11:15:52","slug":"hizmetler","status":"publish","type":"page","link":"https:\/\/www.kackaryangin.com\/index.php\/hizmetler\/","title":{"rendered":"H\u0130ZMETLER\u0130M\u0130Z"},"content":{"rendered":"<section class=\"l-section wpb_row height_large\"><div class=\"l-section-h i-cf\"><div class=\"g-cols vc_row type_default valign_top\"><div class=\"vc_col-sm-12 wpb_column vc_column_container\"><div class=\"vc_column-inner\"><div class=\"wpb_wrapper\">[vc_single_image image=&#8221;14218&#8243; img_size=&#8221;full&#8221;]<\/div><\/div><\/div><\/div><\/div><\/section><section class=\"l-section wpb_row height_large\"><div class=\"l-section-h i-cf\"><div class=\"g-cols vc_row type_default valign_top\"><div class=\"vc_col-sm-12 wpb_column vc_column_container\"><div class=\"vc_column-inner\"><div class=\"wpb_wrapper\">[vc_empty_space]<\/div><\/div><\/div><\/div><\/div><\/section><section class=\"l-section wpb_row height_large\"><div class=\"l-section-h i-cf\"><div class=\"g-cols vc_row type_default valign_top\"><div class=\"vc_col-sm-12 wpb_column vc_column_container\"><div class=\"vc_column-inner\"><div class=\"wpb_wrapper\"><div class=\"w-tabs layout_hor style_default switch_click icon_chevron iconpos_right \"><div class=\"w-tabs-list hidden items_4\"><div class=\"w-tabs-list-h\"><div class=\"w-tabs-item active\"><div class=\"w-tabs-item-h\"><span class=\"w-tabs-item-title\">PROJELEND\u0130RME<\/span><\/div><\/div><div class=\"w-tabs-item\"><div class=\"w-tabs-item-h\"><span class=\"w-tabs-item-title\">UYGULAMA VE MONTAJ<\/span><\/div><\/div><div class=\"w-tabs-item\"><div class=\"w-tabs-item-h\"><span class=\"w-tabs-item-title\">TEST VE DEVREYE ALMA<\/span><\/div><\/div><div class=\"w-tabs-item\"><div class=\"w-tabs-item-h\"><span class=\"w-tabs-item-title\">BAKIM VE TEKN\u0130K SERV\u0130S<\/span><\/div><\/div><\/div><\/div><div class=\"w-tabs-sections\"><div class=\"w-tabs-sections-h\"><div class=\"w-tabs-section active\" id=\"1579530220534-7b89b7f6-ce35\"><a href=\"#1579530220534-7b89b7f6-ce35\" class=\"w-tabs-section-header\"><div class=\"w-tabs-section-header-h\"><div class=\"w-tabs-section-title\">PROJELEND\u0130RME<\/div><div class=\"w-tabs-section-control\"><\/div><\/div><\/a><div class=\"w-tabs-section-content\"><div class=\"w-tabs-section-content-h i-cf\"><div class=\"g-cols wpb_row  type_default valign_top vc_inner \"><div class=\"vc_col-sm-6 wpb_column vc_column_container\"><div class=\"vc_column-inner\"><div class=\"wpb_wrapper\">[vc_hoverbox image=&#8221;14209&#8243; primary_title=&#8221;&#8221; hover_title=&#8221;PROJELEND\u0130RME&#8221;][\/vc_hoverbox]<\/div><\/div><\/div><div class=\"vc_col-sm-6 wpb_column vc_column_container\"><div class=\"vc_column-inner\"><div class=\"wpb_wrapper\">\n\t<div class=\"wpb_text_column \">\n\t\t<div class=\"wpb_wrapper\">\n\t\t\t<p>Yang\u0131n s\u00f6nd\u00fcrme sistemlerinin kurulaca\u011f\u0131 alan\u0131n ko\u015fullar\u0131 g\u00f6z \u00f6n\u00fcnde bulundurularak T\u00fcrk Yang\u0131n Y\u00f6netmeli\u011fi veya Uluslararas\u0131 yang\u0131n y\u00f6netmeliklerine uygun sistemler tasarlan\u0131r. Proje a\u015famas\u0131 ciddi \u00f6nem ta\u015f\u0131yan bu sistemlerin tasar\u0131m\u0131 i\u00e7in m\u00fchendis kadromuz gerekirse yerinde ke\u015fif ve analiz yaparak, sistemin kurulaca\u011f\u0131 binan\u0131n kullan\u0131m \u015fekline g\u00f6re gerekli hidrolik hesaplamallar\u0131 yaparak amac\u0131na en uygun yang\u0131n s\u00f6nd\u00fcrme sistemini tasarlar.<\/p>\n\n\t\t<\/div>\n\t<\/div>\n<\/div><\/div><\/div><\/div><\/div><\/div><\/div><div class=\"w-tabs-section\" id=\"1579530220548-7848d031-36e5\"><a href=\"#1579530220548-7848d031-36e5\" class=\"w-tabs-section-header\"><div class=\"w-tabs-section-header-h\"><div class=\"w-tabs-section-title\">UYGULAMA VE MONTAJ<\/div><div class=\"w-tabs-section-control\"><\/div><\/div><\/a><div class=\"w-tabs-section-content\"><div class=\"w-tabs-section-content-h i-cf\"><div class=\"g-cols wpb_row  type_default valign_top vc_inner \"><div class=\"vc_col-sm-6 wpb_column vc_column_container\"><div class=\"vc_column-inner\"><div class=\"wpb_wrapper\">[vc_hoverbox image=&#8221;14210&#8243; primary_title=&#8221;&#8221; hover_title=&#8221;UYGULAMA VE MONTAJ&#8221;][\/vc_hoverbox]<\/div><\/div><\/div><div class=\"vc_col-sm-6 wpb_column vc_column_container\"><div class=\"vc_column-inner\"><div class=\"wpb_wrapper\">\n\t<div class=\"wpb_text_column \">\n\t\t<div class=\"wpb_wrapper\">\n\t\t\t<p>Yang\u0131n m\u00fchendisli\u011fi konusunda yetkin m\u00fchendislerimiz taraf\u0131ndan haz\u0131rlanan projeler standartlara uygun ask\u0131lama ve sismik ask\u0131lama teknikleri kullan\u0131larak sahaya aktar\u0131l\u0131r ve montaj\u0131 yap\u0131l\u0131r.<\/p>\n<ul>\n<li><strong>\u00a0\u00a0\u00a0\u00a0\u00a0\u00a0\u00a0\u00a0\u00a0\u00a0\u00a0 <\/strong>Sprinkler tesisat\u0131<\/li>\n<li>\u00a0\u00a0\u00a0\u00a0\u00a0\u00a0\u00a0\u00a0\u00a0\u00a0\u00a0 Yang\u0131n dolab\u0131 tesisat\u0131<\/li>\n<li>\u00a0\u00a0\u00a0\u00a0\u00a0\u00a0\u00a0\u00a0\u00a0\u00a0\u00a0 UL, FM ya da TS EN 12845 e uygun yang\u0131n pompa gruplar\u0131<\/li>\n<li>\u00a0\u00a0\u00a0\u00a0\u00a0\u00a0\u00a0\u00a0\u00a0\u00a0\u00a0 Hidrant sistemi<\/li>\n<li>\u00a0\u00a0\u00a0\u00a0\u00a0\u00a0\u00a0\u00a0\u00a0\u00a0\u00a0 \u0130tfaiye su alma ve verme a\u011f\u0131zlar\u0131<\/li>\n<li>\u00a0\u00a0\u00a0\u00a0\u00a0\u00a0\u00a0\u00a0\u00a0\u00a0\u00a0 Gazl\u0131 s\u00f6nd\u00fcrme sistemleri<\/li>\n<li>\u00a0\u00a0\u00a0\u00a0\u00a0\u00a0\u00a0\u00a0\u00a0\u00a0\u00a0 K\u00f6p\u00fckl\u00fc s\u00f6nd\u00fcrme sistemleri<\/li>\n<li>\u00a0\u00a0\u00a0\u00a0\u00a0\u00a0\u00a0\u00a0\u00a0\u00a0\u00a0 Su sisi sistemleri<\/li>\n<li>\u00a0\u00a0\u00a0\u00a0\u00a0\u00a0\u00a0\u00a0\u00a0\u00a0\u00a0 Pre action sistemler<\/li>\n<li>\u00a0\u00a0\u00a0\u00a0\u00a0\u00a0\u00a0\u00a0\u00a0\u00a0\u00a0 Adresli veya konvansiyonel yang\u0131n alg\u0131lama sistemleri<\/li>\n<li>\u00a0\u00a0\u00a0\u00a0\u00a0\u00a0\u00a0\u00a0\u00a0\u00a0\u00a0 Aktif hava emmeli alg\u0131lama sistemleri<\/li>\n<\/ul>\n\n\t\t<\/div>\n\t<\/div>\n<\/div><\/div><\/div><\/div><\/div><\/div><\/div><div class=\"w-tabs-section\" id=\"1579769349015-dd97c608-ffc5\"><a href=\"#1579769349015-dd97c608-ffc5\" class=\"w-tabs-section-header\"><div class=\"w-tabs-section-header-h\"><div class=\"w-tabs-section-title\">TEST VE DEVREYE ALMA<\/div><div class=\"w-tabs-section-control\"><\/div><\/div><\/a><div class=\"w-tabs-section-content\"><div class=\"w-tabs-section-content-h i-cf\"><div class=\"g-cols wpb_row  type_default valign_top vc_inner \"><div class=\"vc_col-sm-6 wpb_column vc_column_container\"><div class=\"vc_column-inner\"><div class=\"wpb_wrapper\">[vc_hoverbox image=&#8221;14212&#8243; primary_title=&#8221;&#8221; hover_title=&#8221;TEST VE DEVREYE ALMA&#8221;][\/vc_hoverbox]<\/div><\/div><\/div><div class=\"vc_col-sm-6 wpb_column vc_column_container\"><div class=\"vc_column-inner\"><div class=\"wpb_wrapper\">\n\t<div class=\"wpb_text_column \">\n\t\t<div class=\"wpb_wrapper\">\n\t\t\t<p>Kurulumu tamamlanan yang\u0131n s\u00f6nd\u00fcrme sistemleri saha ekiplerimiz ve m\u00fchendislerimiz taraf\u0131ndan test edilerek devreye al\u0131n\u0131r. Sistem b\u00fct\u00fcn bir \u015fekilde \u00e7al\u0131\u015f\u0131r vaziyette teslim edilir.<\/p>\n\n\t\t<\/div>\n\t<\/div>\n<\/div><\/div><\/div><\/div><\/div><\/div><\/div><div class=\"w-tabs-section\" id=\"1579769684222-107f8918-5ca0\"><a href=\"#1579769684222-107f8918-5ca0\" class=\"w-tabs-section-header\"><div class=\"w-tabs-section-header-h\"><div class=\"w-tabs-section-title\">BAKIM VE TEKN\u0130K SERV\u0130S<\/div><div class=\"w-tabs-section-control\"><\/div><\/div><\/a><div class=\"w-tabs-section-content\"><div class=\"w-tabs-section-content-h i-cf\"><div class=\"g-cols wpb_row  type_default valign_top vc_inner \"><div class=\"vc_col-sm-6 wpb_column vc_column_container\"><div class=\"vc_column-inner\"><div class=\"wpb_wrapper\">[vc_hoverbox image=&#8221;14214&#8243; primary_title=&#8221;&#8221; hover_title=&#8221;BAKIM VE TEKN\u0130K SERV\u0130S&#8221;][\/vc_hoverbox]<\/div><\/div><\/div><div class=\"vc_col-sm-6 wpb_column vc_column_container\"><div class=\"vc_column-inner\"><div class=\"wpb_wrapper\">\n\t<div class=\"wpb_text_column \">\n\t\t<div class=\"wpb_wrapper\">\n\t\t\t<p>Kurulmu\u015f olan sistemlerin uzun y\u0131llar sorunsuz ve sa\u011fl\u0131kl\u0131 bir \u015fekilde \u00e7al\u0131\u015fmas\u0131 i\u00e7in uygun zaman aral\u0131klar\u0131nda bak\u0131m\u0131 yap\u0131l\u0131r. Bak\u0131m sayesinde sistemde varsa aksakl\u0131klar giderilir ve sistemin teknolojik olarak geli\u015ftilmeye ihtiyac\u0131 varsa gerekli yenilemeler yap\u0131l\u0131r.<\/p>\n\n\t\t<\/div>\n\t<\/div>\n<\/div><\/div><\/div><\/div><\/div><\/div><\/div><\/div><\/div><\/div><\/div><\/div><\/div><\/div><\/div><\/section>\n","protected":false},"excerpt":{"rendered":"[vc_single_image image=\"14218\" img_size=\"full\"][vc_empty_space]PROJELEND\u0130RMEUYGULAMA VE MONTAJTEST VE DEVREYE ALMABAKIM VE TEKN\u0130K SERV\u0130SPROJELEND\u0130RME[vc_hoverbox image=\"14209\" primary_title=\"\" hover_title=\"PROJELEND\u0130RME\"][\/vc_hoverbox] Yang\u0131n s\u00f6nd\u00fcrme sistemlerinin kurulaca\u011f\u0131 alan\u0131n ko\u015fullar\u0131 g\u00f6z \u00f6n\u00fcnde bulundurularak T\u00fcrk Yang\u0131n Y\u00f6netmeli\u011fi veya Uluslararas\u0131 yang\u0131n y\u00f6netmeliklerine uygun sistemler tasarlan\u0131r. Proje a\u015famas\u0131 ciddi \u00f6nem ta\u015f\u0131yan bu sistemlerin tasar\u0131m\u0131 i\u00e7in m\u00fchendis kadromuz gerekirse yerinde ke\u015fif ve analiz yaparak, sistemin kurulaca\u011f\u0131 binan\u0131n kullan\u0131m \u015fekline...","protected":false},"author":1,"featured_media":0,"parent":0,"menu_order":0,"comment_status":"closed","ping_status":"closed","template":"","meta":{"_acf_changed":false,"footnotes":""},"class_list":["post-13910","page","type-page","status-publish","hentry"],"acf":[],"_links":{"self":[{"href":"https:\/\/www.kackaryangin.com\/index.php\/wp-json\/wp\/v2\/pages\/13910","targetHints":{"allow":["GET"]}}],"collection":[{"href":"https:\/\/www.kackaryangin.com\/index.php\/wp-json\/wp\/v2\/pages"}],"about":[{"href":"https:\/\/www.kackaryangin.com\/index.php\/wp-json\/wp\/v2\/types\/page"}],"author":[{"embeddable":true,"href":"https:\/\/www.kackaryangin.com\/index.php\/wp-json\/wp\/v2\/users\/1"}],"replies":[{"embeddable":true,"href":"https:\/\/www.kackaryangin.com\/index.php\/wp-json\/wp\/v2\/comments?post=13910"}],"version-history":[{"count":22,"href":"https:\/\/www.kackaryangin.com\/index.php\/wp-json\/wp\/v2\/pages\/13910\/revisions"}],"predecessor-version":[{"id":14141,"href":"https:\/\/www.kackaryangin.com\/index.php\/wp-json\/wp\/v2\/pages\/13910\/revisions\/14141"}],"wp:attachment":[{"href":"https:\/\/www.kackaryangin.com\/index.php\/wp-json\/wp\/v2\/media?parent=13910"}],"curies":[{"name":"wp","href":"https:\/\/api.w.org\/{rel}","templated":true}]}}