{"id":13922,"date":"2020-01-20T11:22:48","date_gmt":"2020-01-20T08:22:48","guid":{"rendered":"https:\/\/www.kackaryangin.com\/?page_id=13922"},"modified":"2020-01-20T15:18:03","modified_gmt":"2020-01-20T12:18:03","slug":"bakim-ve-teknik-servis","status":"publish","type":"page","link":"https:\/\/www.kackaryangin.com\/index.php\/bakim-ve-teknik-servis\/","title":{"rendered":"BAKIM VE TEKN\u0130K SERV\u0130S"},"content":{"rendered":"<section class=\"l-section wpb_row height_large\"><div class=\"l-section-h i-cf\"><div class=\"g-cols vc_row type_default valign_top\"><div class=\"vc_col-sm-12 wpb_column vc_column_container\"><div class=\"vc_column-inner\"><div class=\"wpb_wrapper\">\n\t<div class=\"wpb_text_column \">\n\t\t<div class=\"wpb_wrapper\">\n\t\t\t<p>Kurulmu\u015f olan sistemlerin uzun y\u0131llar sorunsuz ve sa\u011fl\u0131kl\u0131 bir \u015fekilde \u00e7al\u0131\u015fmas\u0131 i\u00e7in uygun zaman aral\u0131klar\u0131nda bak\u0131m\u0131 yap\u0131l\u0131r. Bak\u0131m sayesinde sistemde varsa aksakl\u0131klar giderilir ve sistemin teknolojik olarak geli\u015ftilmeye ihtiyac\u0131 varsa gerekli yenilemeler yap\u0131l\u0131r.<\/p>\n\n\t\t<\/div>\n\t<\/div>\n<\/div><\/div><\/div><\/div><\/div><\/section>\n","protected":false},"excerpt":{"rendered":"Kurulmu\u015f olan sistemlerin uzun y\u0131llar sorunsuz ve sa\u011fl\u0131kl\u0131 bir \u015fekilde \u00e7al\u0131\u015fmas\u0131 i\u00e7in uygun zaman aral\u0131klar\u0131nda bak\u0131m\u0131 yap\u0131l\u0131r. Bak\u0131m sayesinde sistemde varsa aksakl\u0131klar giderilir ve sistemin teknolojik olarak geli\u015ftilmeye ihtiyac\u0131 varsa gerekli yenilemeler yap\u0131l\u0131r.","protected":false},"author":1,"featured_media":0,"parent":0,"menu_order":0,"comment_status":"closed","ping_status":"closed","template":"","meta":{"_acf_changed":false,"footnotes":""},"class_list":["post-13922","page","type-page","status-publish","hentry"],"acf":[],"_links":{"self":[{"href":"https:\/\/www.kackaryangin.com\/index.php\/wp-json\/wp\/v2\/pages\/13922","targetHints":{"allow":["GET"]}}],"collection":[{"href":"https:\/\/www.kackaryangin.com\/index.php\/wp-json\/wp\/v2\/pages"}],"about":[{"href":"https:\/\/www.kackaryangin.com\/index.php\/wp-json\/wp\/v2\/types\/page"}],"author":[{"embeddable":true,"href":"https:\/\/www.kackaryangin.com\/index.php\/wp-json\/wp\/v2\/users\/1"}],"replies":[{"embeddable":true,"href":"https:\/\/www.kackaryangin.com\/index.php\/wp-json\/wp\/v2\/comments?post=13922"}],"version-history":[{"count":4,"href":"https:\/\/www.kackaryangin.com\/index.php\/wp-json\/wp\/v2\/pages\/13922\/revisions"}],"predecessor-version":[{"id":14079,"href":"https:\/\/www.kackaryangin.com\/index.php\/wp-json\/wp\/v2\/pages\/13922\/revisions\/14079"}],"wp:attachment":[{"href":"https:\/\/www.kackaryangin.com\/index.php\/wp-json\/wp\/v2\/media?parent=13922"}],"curies":[{"name":"wp","href":"https:\/\/api.w.org\/{rel}","templated":true}]}}