{"id":13927,"date":"2020-01-20T11:46:15","date_gmt":"2020-01-20T08:46:15","guid":{"rendered":"https:\/\/www.kackaryangin.com\/?page_id=13927"},"modified":"2020-01-20T15:27:23","modified_gmt":"2020-01-20T12:27:23","slug":"kalite-politikamiz","status":"publish","type":"page","link":"https:\/\/www.kackaryangin.com\/index.php\/kalite-politikamiz\/","title":{"rendered":"KAL\u0130TE POL\u0130T\u0130KAMIZ"},"content":{"rendered":"<section class=\"l-section wpb_row height_large\"><div class=\"l-section-h i-cf\"><div class=\"g-cols vc_row type_default valign_top\"><div class=\"vc_col-sm-12 wpb_column vc_column_container\"><div class=\"vc_column-inner\"><div class=\"wpb_wrapper\">\n\t<div class=\"wpb_text_column \">\n\t\t<div class=\"wpb_wrapper\">\n\t\t\t<ul class=\"wp-block-list\">\n<li>Proje a\u015famas\u0131ndan i\u015fin teslim a\u015famas\u0131na kadar azami seviyede m\u00fc\u015fteri memnuniyetinin sa\u011flanmas\u0131.<\/li>\n<li>Hizmetlerin zaman\u0131nda, emniyetli, ekonomik bir \u015fekilde ve kaliteden \u00f6d\u00fcn verilmeden ger\u00e7ekle\u015ftirilmesi.<\/li>\n<li>\u0130\u015f teslimlerinden sonra garanti s\u00fcreleri boyunca ve garanti sonras\u0131nda teknik deste\u011fin sa\u011flanmas\u0131.<\/li>\n<\/ul>\n<p>&nbsp;<\/p>\n\n\t\t<\/div>\n\t<\/div>\n<\/div><\/div><\/div><\/div><\/div><\/section>","protected":false},"excerpt":{"rendered":"Proje a\u015famas\u0131ndan i\u015fin teslim a\u015famas\u0131na kadar azami seviyede m\u00fc\u015fteri memnuniyetinin sa\u011flanmas\u0131. Hizmetlerin zaman\u0131nda, emniyetli, ekonomik bir \u015fekilde ve kaliteden \u00f6d\u00fcn verilmeden ger\u00e7ekle\u015ftirilmesi. \u0130\u015f teslimlerinden sonra garanti s\u00fcreleri boyunca ve garanti sonras\u0131nda teknik deste\u011fin sa\u011flanmas\u0131. &nbsp;","protected":false},"author":1,"featured_media":0,"parent":0,"menu_order":0,"comment_status":"closed","ping_status":"closed","template":"","meta":{"_acf_changed":false,"footnotes":""},"class_list":["post-13927","page","type-page","status-publish","hentry"],"acf":[],"_links":{"self":[{"href":"https:\/\/www.kackaryangin.com\/index.php\/wp-json\/wp\/v2\/pages\/13927","targetHints":{"allow":["GET"]}}],"collection":[{"href":"https:\/\/www.kackaryangin.com\/index.php\/wp-json\/wp\/v2\/pages"}],"about":[{"href":"https:\/\/www.kackaryangin.com\/index.php\/wp-json\/wp\/v2\/types\/page"}],"author":[{"embeddable":true,"href":"https:\/\/www.kackaryangin.com\/index.php\/wp-json\/wp\/v2\/users\/1"}],"replies":[{"embeddable":true,"href":"https:\/\/www.kackaryangin.com\/index.php\/wp-json\/wp\/v2\/comments?post=13927"}],"version-history":[{"count":3,"href":"https:\/\/www.kackaryangin.com\/index.php\/wp-json\/wp\/v2\/pages\/13927\/revisions"}],"predecessor-version":[{"id":14088,"href":"https:\/\/www.kackaryangin.com\/index.php\/wp-json\/wp\/v2\/pages\/13927\/revisions\/14088"}],"wp:attachment":[{"href":"https:\/\/www.kackaryangin.com\/index.php\/wp-json\/wp\/v2\/media?parent=13927"}],"curies":[{"name":"wp","href":"https:\/\/api.w.org\/{rel}","templated":true}]}}