{"id":13935,"date":"2020-01-20T12:03:36","date_gmt":"2020-01-20T09:03:36","guid":{"rendered":"https:\/\/www.kackaryangin.com\/?page_id=13935"},"modified":"2020-01-25T11:42:08","modified_gmt":"2020-01-25T08:42:08","slug":"referanslarimiz","status":"publish","type":"page","link":"https:\/\/www.kackaryangin.com\/index.php\/referanslarimiz\/","title":{"rendered":"REFERANSLARIMIZ"},"content":{"rendered":"<section class=\"l-section wpb_row height_large\"><div class=\"l-section-h i-cf\"><div class=\"g-cols vc_row type_default valign_top\"><div class=\"vc_col-sm-12 wpb_column vc_column_container\"><div class=\"vc_column-inner\"><div class=\"wpb_wrapper\">[vc_toggle title=&#8221;Pla\u015f Plastik (\u00dcntes M\u00fchendislik)&#8221;]<strong>YIL: 2013<br \/>\nPROJE ADI: <\/strong>Pla\u015f Plastik (\u00dcntes M\u00fchendislik)<strong><br \/>\n\u015eEH\u0130R \/ B\u00d6LGE: <\/strong>\u0130stanbul GOSB<strong><br \/>\nYAPILAN \u0130\u015eLER: <\/strong>Yang\u0131n Tesisat\u0131<\/p>\n<div class=\"w-gallery cols_8 link_file\"><div class=\"w-gallery-list\"><a class=\"w-gallery-item order_1\" href=\"https:\/\/www.kackaryangin.com\/wp-content\/uploads\/2020\/01\/Pla\u015f.jpg\" title=\"Pla\u015f\"><div class=\"w-gallery-item-img\"><img loading=\"lazy\" decoding=\"async\" width=\"150\" height=\"150\" src=\"https:\/\/www.kackaryangin.com\/wp-content\/uploads\/2020\/01\/Pla\u015f-150x150.jpg\" class=\"attachment-thumbnail size-thumbnail\" alt=\"\" srcset=\"https:\/\/www.kackaryangin.com\/wp-content\/uploads\/2020\/01\/Pla\u015f-150x150.jpg 150w, https:\/\/www.kackaryangin.com\/wp-content\/uploads\/2020\/01\/Pla\u015f-280x280.jpg 280w, https:\/\/www.kackaryangin.com\/wp-content\/uploads\/2020\/01\/Pla\u015f-300x300.jpg 300w, https:\/\/www.kackaryangin.com\/wp-content\/uploads\/2020\/01\/Pla\u015f-600x600.jpg 600w, https:\/\/www.kackaryangin.com\/wp-content\/uploads\/2020\/01\/Pla\u015f-100x100.jpg 100w\" sizes=\"auto, (max-width: 150px) 100vw, 150px\" \/><\/div><\/a><a class=\"w-gallery-item order_2\" href=\"https:\/\/www.kackaryangin.com\/wp-content\/uploads\/2020\/01\/Pla\u015f1.jpg\" title=\"Pla\u015f1\"><div class=\"w-gallery-item-img\"><img loading=\"lazy\" decoding=\"async\" width=\"150\" height=\"150\" src=\"https:\/\/www.kackaryangin.com\/wp-content\/uploads\/2020\/01\/Pla\u015f1-150x150.jpg\" class=\"attachment-thumbnail size-thumbnail\" alt=\"\" srcset=\"https:\/\/www.kackaryangin.com\/wp-content\/uploads\/2020\/01\/Pla\u015f1-150x150.jpg 150w, https:\/\/www.kackaryangin.com\/wp-content\/uploads\/2020\/01\/Pla\u015f1-280x280.jpg 280w, https:\/\/www.kackaryangin.com\/wp-content\/uploads\/2020\/01\/Pla\u015f1-300x300.jpg 300w, https:\/\/www.kackaryangin.com\/wp-content\/uploads\/2020\/01\/Pla\u015f1-100x100.jpg 100w\" sizes=\"auto, (max-width: 150px) 100vw, 150px\" \/><\/div><\/a><a class=\"w-gallery-item order_3\" href=\"https:\/\/www.kackaryangin.com\/wp-content\/uploads\/2020\/01\/Pla\u015f2.jpg\" title=\"Pla\u015f2\"><div class=\"w-gallery-item-img\"><img loading=\"lazy\" decoding=\"async\" width=\"150\" height=\"150\" src=\"https:\/\/www.kackaryangin.com\/wp-content\/uploads\/2020\/01\/Pla\u015f2-150x150.jpg\" class=\"attachment-thumbnail size-thumbnail\" alt=\"\" srcset=\"https:\/\/www.kackaryangin.com\/wp-content\/uploads\/2020\/01\/Pla\u015f2-150x150.jpg 150w, https:\/\/www.kackaryangin.com\/wp-content\/uploads\/2020\/01\/Pla\u015f2-280x280.jpg 280w, https:\/\/www.kackaryangin.com\/wp-content\/uploads\/2020\/01\/Pla\u015f2-300x300.jpg 300w, https:\/\/www.kackaryangin.com\/wp-content\/uploads\/2020\/01\/Pla\u015f2-100x100.jpg 100w\" sizes=\"auto, (max-width: 150px) 100vw, 150px\" \/><\/div><\/a><a class=\"w-gallery-item order_4\" href=\"https:\/\/www.kackaryangin.com\/wp-content\/uploads\/2020\/01\/Pla\u015f3.jpg\" title=\"Pla\u015f3\"><div class=\"w-gallery-item-img\"><img loading=\"lazy\" decoding=\"async\" width=\"150\" height=\"150\" src=\"https:\/\/www.kackaryangin.com\/wp-content\/uploads\/2020\/01\/Pla\u015f3-150x150.jpg\" class=\"attachment-thumbnail size-thumbnail\" alt=\"\" srcset=\"https:\/\/www.kackaryangin.com\/wp-content\/uploads\/2020\/01\/Pla\u015f3-150x150.jpg 150w, https:\/\/www.kackaryangin.com\/wp-content\/uploads\/2020\/01\/Pla\u015f3-280x280.jpg 280w, https:\/\/www.kackaryangin.com\/wp-content\/uploads\/2020\/01\/Pla\u015f3-300x300.jpg 300w, https:\/\/www.kackaryangin.com\/wp-content\/uploads\/2020\/01\/Pla\u015f3-100x100.jpg 100w\" sizes=\"auto, (max-width: 150px) 100vw, 150px\" \/><\/div><\/a><a class=\"w-gallery-item order_5\" href=\"https:\/\/www.kackaryangin.com\/wp-content\/uploads\/2020\/01\/pla\u015f1-1-scaled.jpg\" title=\"pla\u015f1\"><div class=\"w-gallery-item-img\"><img loading=\"lazy\" decoding=\"async\" width=\"150\" height=\"150\" src=\"https:\/\/www.kackaryangin.com\/wp-content\/uploads\/2020\/01\/pla\u015f1-1-150x150.jpg\" class=\"attachment-thumbnail size-thumbnail\" alt=\"\" srcset=\"https:\/\/www.kackaryangin.com\/wp-content\/uploads\/2020\/01\/pla\u015f1-1-150x150.jpg 150w, https:\/\/www.kackaryangin.com\/wp-content\/uploads\/2020\/01\/pla\u015f1-1-280x280.jpg 280w, https:\/\/www.kackaryangin.com\/wp-content\/uploads\/2020\/01\/pla\u015f1-1-300x300.jpg 300w, https:\/\/www.kackaryangin.com\/wp-content\/uploads\/2020\/01\/pla\u015f1-1-600x600.jpg 600w, https:\/\/www.kackaryangin.com\/wp-content\/uploads\/2020\/01\/pla\u015f1-1-100x100.jpg 100w\" sizes=\"auto, (max-width: 150px) 100vw, 150px\" \/><\/div><\/a><\/div><\/div>\n[\/vc_toggle][vc_toggle title=&#8221;Obo Betterman (\u00dcntes M\u00fchendislik)&#8221;]<strong>YIL: 2013<br \/>\nPROJE ADI: <\/strong>Obo Betterman (\u00dcntes M\u00fchendislik)<strong><br \/>\n\u015eEH\u0130R \/ B\u00d6LGE: <\/strong>\u0130istanbul Dilovas\u0131 \u0130MES<strong><br \/>\nYAPILAN \u0130\u015eLER: <\/strong>Yang\u0131n Tesisat\u0131<\/p>\n[\/vc_toggle][vc_toggle title=&#8221;Soho House (Meytes Tesisat)&#8221;]<strong>YIL: <\/strong>2014<strong><br \/>\nPROJE ADI:<\/strong> Soho House (Meytes Tesisat)<strong><br \/>\n\u015eEH\u0130R \/ B\u00d6LGE: <\/strong>\u0130stanbul Taksim<strong><br \/>\nYAPILAN \u0130\u015eLER: <\/strong>Yang\u0131n Tesisat\u0131<\/p>\n<div class=\"w-gallery cols_8 link_file\"><div class=\"w-gallery-list\"><a class=\"w-gallery-item order_1\" href=\"https:\/\/www.kackaryangin.com\/wp-content\/uploads\/2020\/01\/Soho.jpg\" title=\"Soho\"><div class=\"w-gallery-item-img\"><img loading=\"lazy\" decoding=\"async\" width=\"150\" height=\"150\" src=\"https:\/\/www.kackaryangin.com\/wp-content\/uploads\/2020\/01\/Soho-150x150.jpg\" class=\"attachment-thumbnail size-thumbnail\" alt=\"\" srcset=\"https:\/\/www.kackaryangin.com\/wp-content\/uploads\/2020\/01\/Soho-150x150.jpg 150w, https:\/\/www.kackaryangin.com\/wp-content\/uploads\/2020\/01\/Soho-280x280.jpg 280w, https:\/\/www.kackaryangin.com\/wp-content\/uploads\/2020\/01\/Soho-300x300.jpg 300w, https:\/\/www.kackaryangin.com\/wp-content\/uploads\/2020\/01\/Soho-100x100.jpg 100w\" sizes=\"auto, (max-width: 150px) 100vw, 150px\" \/><\/div><\/a><a class=\"w-gallery-item order_2\" href=\"https:\/\/www.kackaryangin.com\/wp-content\/uploads\/2020\/01\/soho2.jpg\" title=\"soho2\"><div class=\"w-gallery-item-img\"><img loading=\"lazy\" decoding=\"async\" width=\"150\" height=\"150\" src=\"https:\/\/www.kackaryangin.com\/wp-content\/uploads\/2020\/01\/soho2-150x150.jpg\" class=\"attachment-thumbnail size-thumbnail\" alt=\"\" srcset=\"https:\/\/www.kackaryangin.com\/wp-content\/uploads\/2020\/01\/soho2-150x150.jpg 150w, https:\/\/www.kackaryangin.com\/wp-content\/uploads\/2020\/01\/soho2-280x280.jpg 280w, https:\/\/www.kackaryangin.com\/wp-content\/uploads\/2020\/01\/soho2-300x300.jpg 300w, https:\/\/www.kackaryangin.com\/wp-content\/uploads\/2020\/01\/soho2-100x100.jpg 100w\" sizes=\"auto, (max-width: 150px) 100vw, 150px\" \/><\/div><\/a><\/div><\/div>\n[\/vc_toggle][vc_toggle title=&#8221;HACI\u0130NCE ET ENTEGRE (EREN M\u00dcHEND\u0130SL\u0130K)&#8221;]\n<p><strong>YIL: <\/strong>2014<strong><br \/>\nPROJE ADI:<\/strong> HACI\u0130NCE ET ENTEGRE (EREN M\u00dcHEND\u0130SL\u0130K)<strong><br \/>\n\u015eEH\u0130R \/ B\u00d6LGE: <\/strong>KONYA KA\u015eINHANI<strong><br \/>\nYAPILAN \u0130\u015eLER: <\/strong>YANGIN TES\u0130SATI<\/p>\n[\/vc_toggle][vc_toggle title=&#8221;KARSAN UNILEVER ASRS (OTOMAT\u0130K) DEPO (ACCURO YANGIN)&#8221;]\n<p><strong>YIL: <\/strong>2015<strong><br \/>\nPROJE ADI:<\/strong> KARSAN UNILEVER ASRS (OTOMAT\u0130K) DEPO (ACCURO YANGIN) <strong><br \/>\n\u015eEH\u0130R \/ B\u00d6LGE: <\/strong>KONYA 2. OSB<strong><br \/>\nYAPILAN \u0130\u015eLER: <\/strong>H\u0130DRANT S\u0130STEM\u0130 (HDPE), SULU SPR\u0130NKLER S\u0130STEM\u0130, KURU SPR\u0130NKLER S\u0130STEM\u0130, OTOMAT\u0130K DEPO RAF ARASI SPR\u0130NKLER S\u0130STEM\u0130, YANGIN DOLABI S\u0130STEM\u0130, POMPA \u0130STASYONU<\/p>\n[\/vc_toggle][vc_toggle title=&#8221;KONYA \u015eEKER ASRS(OTOMAT\u0130K) DEPO (ACCURO YANGIN)&#8221;]\n<p><strong>YIL: <\/strong>2015<strong><br \/>\nPROJE ADI:<\/strong> KONYA \u015eEKER ASRS (OTOMAT\u0130K) DEPO (ACCURO YANGIN)<strong><br \/>\n\u015eEH\u0130R \/ B\u00d6LGE: <\/strong>KONYA \u00c7UMRA<strong><br \/>\nYAPILAN \u0130\u015eLER: <\/strong>H\u0130DRANT S\u0130STEM\u0130 (HDPE), SULU SPR\u0130NKLER S\u0130STEM\u0130, KURU SPR\u0130NKLER S\u0130STEM\u0130, OTOMAT\u0130K DEPO RAF ARASI SPR\u0130NKLER S\u0130STEM\u0130, YANGIN DOLABI S\u0130STEM\u0130, POMPA \u0130STASYONU<\/p>\n[\/vc_toggle][vc_toggle title=&#8221;BETA Z\u0130RAAT YA\u011e FABR\u0130KASI (ACCURO YANGIN)&#8221;]\n<p><strong>YIL: <\/strong>2016<strong><br \/>\nPROJE ADI:<\/strong> BETA Z\u0130RAAT YA\u011e FABR\u0130KASI (ACCURO YANGIN) <strong><br \/>\n\u015eEH\u0130R \/ B\u00d6LGE: <\/strong>KONYA ALTINTEK\u0130N<strong><br \/>\nYAPILAN \u0130\u015eLER: <\/strong>H\u0130DRANT S\u0130STEM\u0130 (HDPE), SULU SPR\u0130NKLER S\u0130STEM\u0130, K\u00d6P\u00dcKL\u00dc SPR\u0130NKLER S\u0130STEM\u0130, YANGIN DOLABI S\u0130STEM\u0130, POMPA \u0130STASYONU<\/p>\n[\/vc_toggle][vc_toggle title=&#8221;ALG\u0130DA DEPO (MEKAN\u0130K ANA Y\u00dcKLEN\u0130C\u0130)&#8221;]\n<p><strong>YIL: <\/strong>2016<strong><br \/>\nPROJE ADI:<\/strong> ALG\u0130DA DEPO (MEKAN\u0130K ANA Y\u00dcKLEN\u0130C\u0130) <strong><br \/>\n\u015eEH\u0130R \/ B\u00d6LGE: <\/strong>\u0130ZM\u0130R KEMALPA\u015eA<strong><br \/>\nYAPILAN \u0130\u015eLER: <\/strong>H\u0130DRANT S\u0130STEM\u0130 (HDPE), YANGIN DOLABI S\u0130STEM\u0130, POMPA \u0130STASYONU, MOD\u00dcLER GALVAN\u0130Z SU DEPOSU<\/p>\n[\/vc_toggle][vc_toggle title=&#8221;BETEK BOYA (MEKAN\u0130K ALT Y\u00dcKLEN\u0130C\u0130)&#8221;]\n<p><strong>YIL: <\/strong>2017<strong><br \/>\nPROJE ADI:<\/strong> BETEK BOYA (MEKAN\u0130K ALT Y\u00dcKLEN\u0130C\u0130)<strong><br \/>\n\u015eEH\u0130R \/ B\u00d6LGE:<\/strong>\u0130STANBUL GOSB<strong><br \/>\nYAPILAN \u0130\u015eLER: <\/strong>SULU SPR\u0130NKLER S\u0130STEM\u0130, K\u00d6P\u00dcKL\u00dc SPR\u0130NKLER S\u0130STEM\u0130, RAF ARASI SPR\u0130NKLER S\u0130STEM\u0130, YANGIN DOLABI S\u0130STEM\u0130<\/p>\n[\/vc_toggle][vc_toggle title=&#8221;\u0130ZOCAM (MEKAN\u0130K ALT Y\u00dcKLEN\u0130C\u0130)&#8221;]\n<p><strong>YIL: <\/strong>2017<strong><br \/>\nPROJE ADI:<\/strong> \u0130ZOCAM (MEKAN\u0130K ALT Y\u00dcKLEN\u0130C\u0130)<strong><br \/>\n\u015eEH\u0130R \/ B\u00d6LGE: <\/strong>\u0130STANBUL D\u0130LOVASI \u0130MES<strong><br \/>\nYAPILAN \u0130\u015eLER: <\/strong>SULU SPR\u0130NKLER S\u0130STEM\u0130, KURU SPR\u0130NKLER S\u0130STEM\u0130, K\u00d6P\u00dcKL\u00dc SPR\u0130NKLER S\u0130STEM\u0130, YANGIN DOLABI S\u0130STEM\u0130<\/p>\n[\/vc_toggle][vc_toggle title=&#8221;ASSAN AL\u00dcM\u0130NYUM (MEKAN\u0130K ALT Y\u00dcKLEN\u0130C\u0130)&#8221;]\n<p><strong>YIL: <\/strong>2017<strong><br \/>\nPROJE ADI:<\/strong> ASSAN AL\u00dcM\u0130NYUM (MEKAN\u0130K ALT Y\u00dcKLEN\u0130C\u0130)<strong><br \/>\n\u015eEH\u0130R \/ B\u00d6LGE: <\/strong>\u0130STANBUL D\u0130LOVASI<strong><br \/>\nYAPILAN \u0130\u015eLER: <\/strong>SULU SPR\u0130NKLER S\u0130STEM\u0130, YANGIN DOLABI S\u0130STEM\u0130, POMPA \u0130STASYONU<\/p>\n[\/vc_toggle][vc_toggle title=&#8221;ALFA PLAST\u0130K (MEKAN\u0130K ANA Y\u00dcKLEN\u0130C\u0130)&#8221;]\n<p><strong>YIL: <\/strong>2018<strong><br \/>\nPROJE ADI:<\/strong> ALFA PLAST\u0130K (MEKAN\u0130K ANA Y\u00dcKLEN\u0130C\u0130)<strong><br \/>\n\u015eEH\u0130R \/ B\u00d6LGE: <\/strong>\u00c7ORLU<strong><br \/>\nYAPILAN \u0130\u015eLER: <\/strong>SULU SPR\u0130NKLER S\u0130STEM\u0130, YANGIN DOLABI S\u0130STEM\u0130, POMPA \u0130STASYONU<\/p>\n[\/vc_toggle][vc_toggle title=&#8221;VER\u0130TAS (MEKAN\u0130K ALT Y\u00dcKLEN\u0130C\u0130)&#8221;]\n<p><strong>YIL: <\/strong>2018<strong><br \/>\nPROJE ADI:<\/strong> VER\u0130TAS (MEKAN\u0130K ALT Y\u00dcKLEN\u0130C\u0130)<strong><br \/>\n\u015eEH\u0130R \/ B\u00d6LGE: <\/strong>KOCAEL\u0130 G\u00d6LC\u00dcK<strong><br \/>\nYAPILAN \u0130\u015eLER: <\/strong>SULU SPR\u0130NKLER S\u0130STEM\u0130, KURU SPR\u0130NKLER S\u0130STEM\u0130, YANGIN DOLABI S\u0130STEM\u0130, POMPA \u0130STASYONU<\/p>\n[\/vc_toggle][vc_toggle title=&#8221;DUNAPACAK DENTA\u015e (MEKAN\u0130K ALT Y\u00dcKLEN\u0130C\u0130)&#8221;]\n<p><strong>YIL: <\/strong>2018<strong><br \/>\nPROJE ADI:<\/strong> DUNAPACAK DENTA\u015e (MEKAN\u0130K ALT Y\u00dcKLEN\u0130C\u0130)<strong><br \/>\n\u015eEH\u0130R \/ B\u00d6LGE: <\/strong>ESK\u0130\u015eEH\u0130R OSB<strong><br \/>\nYAPILAN \u0130\u015eLER: <\/strong>SULU SPR\u0130NKLER S\u0130STEM\u0130, KURU SPR\u0130NKLER S\u0130STEM\u0130, YANGIN DOLABI S\u0130STEM\u0130, GAZLI S\u00d6ND\u00dcRME S\u0130STEM\u0130<\/p>\n[\/vc_toggle][vc_toggle title=&#8221;PENNE GIDA (MEKAN\u0130K ANA Y\u00dcKLEN\u0130C\u0130)&#8221;]\n<p><strong>YIL: <\/strong>2018<strong><br \/>\nPROJE ADI:<\/strong> PENNE GIDA (MEKAN\u0130K ANA Y\u00dcKLEN\u0130C\u0130)<strong><br \/>\n\u015eEH\u0130R \/ B\u00d6LGE: <\/strong>\u0130STANBUL D\u0130LOVASI OSB<strong><br \/>\nYAPILAN \u0130\u015eLER: <\/strong>YANGIN TES\u0130SATI<\/p>\n[\/vc_toggle][vc_toggle title=&#8221;MARKO\u00c7 ET (MEKAN\u0130K ANA Y\u00dcKLEN\u0130C\u0130)&#8221;]\n<p><strong>YIL: <\/strong>2019<strong><br \/>\nPROJE ADI:<\/strong> MARKO\u00c7 ET (MEKAN\u0130K ANA Y\u00dcKLEN\u0130C\u0130)<strong><br \/>\n\u015eEH\u0130R \/ B\u00d6LGE: <\/strong>ANTALYA MANAVGAT<strong><br \/>\nYAPILAN \u0130\u015eLER: <\/strong>YANGIN TES\u0130SATI<\/p>\n[\/vc_toggle][vc_toggle title=&#8221;EKOL LOJ\u0130ST\u0130K&#8221;]\n<p><strong>YIL: <\/strong>2016&#8217;DAN BER\u0130<strong><br \/>\nPROJE ADI:<\/strong> EKOL LOJ\u0130ST\u0130K<strong><br \/>\n\u015eEH\u0130R \/ B\u00d6LGE: <\/strong>KONYA<strong><br \/>\nYAPILAN \u0130\u015eLER: <\/strong>YANGIN S\u0130STEMLER\u0130 PER\u0130YOD\u0130K BAKIMI VE POMPA \u0130STASYONU PER\u0130YOD\u0130K BAKIMI<\/p>\n[\/vc_toggle][vc_toggle title=&#8221;TEZEL LOJ\u0130ST\u0130K VESTEL DEPO (MEKAN\u0130K ANA Y\u00dcKLEN\u0130C\u0130)&#8221;]\n<p><strong>YIL: <\/strong>2019<strong><br \/>\nPROJE ADI:<\/strong> TEZEL LOJ\u0130ST\u0130K VESTEL DEPO (MEKAN\u0130K ANA Y\u00dcKLEN\u0130C\u0130)<strong><br \/>\n\u015eEH\u0130R \/ B\u00d6LGE: <\/strong>\u0130STANBUL GEBZE<strong><br \/>\nYAPILAN \u0130\u015eLER: <\/strong>SULU SPR\u0130NKLER S\u0130STEM\u0130, POMPA \u0130STASYONU, YANGIN DOLABI S\u0130STEM\u0130<\/p>\n[\/vc_toggle]<\/div><\/div><\/div><\/div><\/div><\/section><section class=\"l-section wpb_row height_large\"><div class=\"l-section-h i-cf\"><div class=\"g-cols vc_row type_default valign_top\"><div class=\"vc_col-sm-12 wpb_column vc_column_container\"><div class=\"vc_column-inner\"><div class=\"wpb_wrapper\">[vc_toggle]\n<p>Toggle content goes here, click edit button to change this text.<\/p>\n[\/vc_toggle]<\/div><\/div><\/div><\/div><\/div><\/section>\n","protected":false},"excerpt":{"rendered":"[vc_toggle title=\"Pla\u015f Plastik (\u00dcntes M\u00fchendislik)\"]YIL: 2013 PROJE ADI: Pla\u015f Plastik (\u00dcntes M\u00fchendislik) \u015eEH\u0130R \/ B\u00d6LGE: \u0130stanbul GOSB YAPILAN \u0130\u015eLER: Yang\u0131n Tesisat\u0131 [\/vc_toggle][vc_toggle title=\"Obo Betterman (\u00dcntes M\u00fchendislik)\"]YIL: 2013 PROJE ADI: Obo Betterman (\u00dcntes M\u00fchendislik) \u015eEH\u0130R \/ B\u00d6LGE: \u0130istanbul Dilovas\u0131 \u0130MES YAPILAN \u0130\u015eLER: Yang\u0131n Tesisat\u0131 [\/vc_toggle][vc_toggle title=\"Soho House (Meytes Tesisat)\"]YIL: 2014 PROJE ADI: Soho House (Meytes Tesisat)...","protected":false},"author":1,"featured_media":0,"parent":0,"menu_order":0,"comment_status":"closed","ping_status":"closed","template":"","meta":{"_acf_changed":false,"footnotes":""},"class_list":["post-13935","page","type-page","status-publish","hentry"],"acf":[],"_links":{"self":[{"href":"https:\/\/www.kackaryangin.com\/index.php\/wp-json\/wp\/v2\/pages\/13935","targetHints":{"allow":["GET"]}}],"collection":[{"href":"https:\/\/www.kackaryangin.com\/index.php\/wp-json\/wp\/v2\/pages"}],"about":[{"href":"https:\/\/www.kackaryangin.com\/index.php\/wp-json\/wp\/v2\/types\/page"}],"author":[{"embeddable":true,"href":"https:\/\/www.kackaryangin.com\/index.php\/wp-json\/wp\/v2\/users\/1"}],"replies":[{"embeddable":true,"href":"https:\/\/www.kackaryangin.com\/index.php\/wp-json\/wp\/v2\/comments?post=13935"}],"version-history":[{"count":41,"href":"https:\/\/www.kackaryangin.com\/index.php\/wp-json\/wp\/v2\/pages\/13935\/revisions"}],"predecessor-version":[{"id":14275,"href":"https:\/\/www.kackaryangin.com\/index.php\/wp-json\/wp\/v2\/pages\/13935\/revisions\/14275"}],"wp:attachment":[{"href":"https:\/\/www.kackaryangin.com\/index.php\/wp-json\/wp\/v2\/media?parent=13935"}],"curies":[{"name":"wp","href":"https:\/\/api.w.org\/{rel}","templated":true}]}}