{"id":7410,"date":"2015-07-31T08:01:04","date_gmt":"2015-07-31T08:01:04","guid":{"rendered":"https:\/\/digi.nasatheme.com\/?page_id=7410"},"modified":"2020-01-20T14:45:05","modified_gmt":"2020-01-20T11:45:05","slug":"contact-us","status":"publish","type":"page","link":"https:\/\/www.kackaryangin.com\/index.php\/contact-us\/","title":{"rendered":"B\u0130ZE ULA\u015eIN"},"content":{"rendered":"<section class=\"l-section wpb_row height_large\"><div class=\"l-section-h i-cf\"><div class=\"g-cols vc_row type_default valign_top\"><div class=\"vc_col-sm-12 wpb_column vc_column_container\"><div class=\"vc_column-inner\"><div class=\"wpb_wrapper\">[vc_empty_space]<\/div><\/div><\/div><\/div><\/div><\/section><section class=\"l-section wpb_row height_large\"><div class=\"l-section-h i-cf\"><div class=\"g-cols vc_row type_default valign_top\"><div class=\"vc_col-sm-5 wpb_column vc_column_container\"><div class=\"vc_column-inner\"><div class=\"wpb_wrapper\">[nasa_google_map height=&#8221;740px&#8221; lat=&#8221;-37.840590&#8243; long=&#8221;145.037002&#8243; color=&#8221;#296dc1&#8243;]<\/div><\/div><\/div><div class=\"vc_col-sm-7 wpb_column vc_column_container padding-side-mobile-0\"><div class=\"vc_column-inner  vc_custom_1505055254580\"><div class=\"wpb_wrapper\"><div class=\"g-cols wpb_row  type_default valign_top vc_inner \"><div class=\"vc_col-sm-6 wpb_column vc_column_container\"><div class=\"vc_column-inner\"><div class=\"wpb_wrapper\">\n\t<div class=\"wpb_text_column \">\n\t\t<div class=\"wpb_wrapper\">\n\t\t\t<h5 class=\"nasa-title-heading\" style=\"font-weight: 500;\">ADDRESS<\/h5>\n<p>6th Forrest Ray,<br \/>\nManhattan NYC 10001, USA<\/p>\n\n\t\t<\/div>\n\t<\/div>\n[vc_empty_space height=&#8221;30px&#8221;]<\/div><\/div><\/div><div class=\"vc_col-sm-6 wpb_column vc_column_container\"><div class=\"vc_column-inner\"><div class=\"wpb_wrapper\">\n\t<div class=\"wpb_text_column \">\n\t\t<div class=\"wpb_wrapper\">\n\t\t\t<h5 class=\"nasa-title-heading\" style=\"font-weight: 500;\">MOBILE<\/h5>\n<p>Mobile 1: (+01)-212-33-6789<br \/>\nMobile 2: (+01)-212-66-8888<br \/>\nHotline: 1900 888 888<\/p>\n\n\t\t<\/div>\n\t<\/div>\n<\/div><\/div><\/div><\/div>[vc_empty_space height=&#8221;45px&#8221;]<div class=\"g-cols wpb_row  type_default valign_top vc_inner \"><div class=\"vc_col-sm-6 wpb_column vc_column_container\"><div class=\"vc_column-inner\"><div class=\"wpb_wrapper\">\n\t<div class=\"wpb_text_column \">\n\t\t<div class=\"wpb_wrapper\">\n\t\t\t<h5 class=\"nasa-title-heading\" style=\"font-weight: 500;\">EMAIL<\/h5>\n<p>Contact@sample.com<br \/>\nSupport@sample.com<\/p>\n\n\t\t<\/div>\n\t<\/div>\n[vc_empty_space height=&#8221;30px&#8221;]<\/div><\/div><\/div><div class=\"vc_col-sm-6 wpb_column vc_column_container\"><div class=\"vc_column-inner\"><div class=\"wpb_wrapper\">\n\t<div class=\"wpb_text_column \">\n\t\t<div class=\"wpb_wrapper\">\n\t\t\t<h5 class=\"nasa-title-heading\" style=\"font-weight: 500;\">SOCIAL<\/h5>\n\n\t\t<\/div>\n\t<\/div>\n[nasa_share]<\/div><\/div><\/div><\/div>[vc_empty_space height=&#8221;45px&#8221;]\n\t<div class=\"wpb_text_column \">\n\t\t<div class=\"wpb_wrapper\">\n\t\t\t<h5 class=\"nasa-title-heading\" style=\"font-weight: 500;\">DROP US A LINE<\/h5>\n<p>If you have any questions, please fell free to get in touch with us.<br \/>\nWe will reply to you as soon as possible. Thank you!<\/p>\n\n\t\t<\/div>\n\t<\/div>\n[vc_empty_space height=&#8221;20px&#8221;]<p class=\"wpcf7-contact-form-not-found\"><strong>Hata:<\/strong> \u0130leti\u015fim formu bulunamad\u0131.<\/p>[vc_empty_space height=&#8221;35px&#8221;]<\/div><\/div><\/div><\/div><\/div><\/section>\n","protected":false},"excerpt":{"rendered":"[vc_empty_space][nasa_google_map height=\"740px\" lat=\"-37.840590\" long=\"145.037002\" color=\"#296dc1\"] ADDRESS 6th Forrest Ray, Manhattan NYC 10001, USA [vc_empty_space height=\"30px\"] MOBILE Mobile 1: (+01)-212-33-6789 Mobile 2: (+01)-212-66-8888 Hotline: 1900 888 888 [vc_empty_space height=\"45px\"] EMAIL Contact@sample.com Support@sample.com [vc_empty_space height=\"30px\"] SOCIAL [nasa_share][vc_empty_space height=\"45px\"] DROP US A LINE If you have any questions, please fell free to get in touch with us. We...","protected":false},"author":1,"featured_media":0,"parent":0,"menu_order":0,"comment_status":"open","ping_status":"open","template":"page-visual-composer.php","meta":{"_acf_changed":false,"footnotes":""},"class_list":["post-7410","page","type-page","status-publish","hentry"],"acf":[],"_links":{"self":[{"href":"https:\/\/www.kackaryangin.com\/index.php\/wp-json\/wp\/v2\/pages\/7410","targetHints":{"allow":["GET"]}}],"collection":[{"href":"https:\/\/www.kackaryangin.com\/index.php\/wp-json\/wp\/v2\/pages"}],"about":[{"href":"https:\/\/www.kackaryangin.com\/index.php\/wp-json\/wp\/v2\/types\/page"}],"author":[{"embeddable":true,"href":"https:\/\/www.kackaryangin.com\/index.php\/wp-json\/wp\/v2\/users\/1"}],"replies":[{"embeddable":true,"href":"https:\/\/www.kackaryangin.com\/index.php\/wp-json\/wp\/v2\/comments?post=7410"}],"version-history":[{"count":1,"href":"https:\/\/www.kackaryangin.com\/index.php\/wp-json\/wp\/v2\/pages\/7410\/revisions"}],"predecessor-version":[{"id":14054,"href":"https:\/\/www.kackaryangin.com\/index.php\/wp-json\/wp\/v2\/pages\/7410\/revisions\/14054"}],"wp:attachment":[{"href":"https:\/\/www.kackaryangin.com\/index.php\/wp-json\/wp\/v2\/media?parent=7410"}],"curies":[{"name":"wp","href":"https:\/\/api.w.org\/{rel}","templated":true}]}}